
{"id":1088,"date":"2022-03-08T14:11:31","date_gmt":"2022-03-08T14:11:31","guid":{"rendered":"https:\/\/itu-app42372.pagelyhosting.com\/acerca-de-la-pp-22\/"},"modified":"2022-10-05T21:17:02","modified_gmt":"2022-10-05T21:17:02","slug":"about-pp22","status":"publish","type":"page","link":"https:\/\/itu-app42372.pagelyhosting.com\/es\/about\/about-pp22\/","title":{"rendered":"Acerca de la PP-22"},"content":{"rendered":"<div class=\"ituContainer grid\"><div data-span=\"12\">\n<h2 class=\"heading-3 wp-block-heading\">La Conferencia de Plenipotenciarios de la UIT est\u00e1 constituida por representantes de los Estados Miembros de la Uni\u00f3n. <\/h2>\n<\/div><\/div>\n\n<div class=\"ituContainer grid\"><div data-span=\"12\">\n<p class=\"wp-block-paragraph\">La Conferencia de Plenipotenciarios es el \u00f3rgano pol\u00edtico supremo de la Uni\u00f3n Internacional de Telecomunicaciones (UIT). Se celebra cada cuatro a\u00f1os y es el foro donde los Estados Miembros d ela UIT deciden cu\u00e1l ser\u00e1 el papel de la organizaci\u00f3n en el futuro, determinando as\u00ed su capacidad para influir e intervenir en el desarrollo de las tecnolog\u00edas de la informaci\u00f3n y la comunicaci\u00f3n (TIC) a nivel mundial. la Conferencia:  <\/p>\n<\/div><\/div>\n\n<div class=\"ituContainer grid\"><div data-span=\"12\">\n<ul class=\"wp-block-list\"><li>determina las pol\u00edticas generales de la Uni\u00f3n<\/li><li>adopta los Planes Financiero y Estrat\u00e9gico cuadrienales; y<\/li><li>eleige el equipo de gesti\u00f3n de la organizaci\u00f3n, los Estados Miembros del Consejo y los miembros de la Junta del Reglamento de Radiocomunicaciones.<\/li><\/ul>\n<\/div><\/div>\n\n<div class=\"ituContainer grid\"><div data-span=\"12\">\n<p class=\"wp-block-paragraph\">La Conferencia de Plenipotenciarios de 2022 (PP-22) se celebrar\u00e1 en Bucarest, Rumania, del lunes 26 de septiembre al viernes 14 de octubre de 2022. Ir\u00e1 precedida de la \u00faltima sesi\u00f3n de la <a href=\"https:\/\/bucharestpp22.gov.ro\/\" data-type=\"noreferrer noopener\" data-id=\"\" target=\"_blank\" rel=\"noopener\">Reuni\u00f3n del Consejo de 2022<\/a> el s\u00e1bado 24 de septiembre de 2022. <\/p>\n<\/div><\/div>\n\n<div class=\"ituContainer grid\"><div data-span=\"12\">\n<h2 class=\"wp-block-heading\">Presidente de la PP-22<\/h2>\n<\/div><\/div>\n\n<div class=\"ituContainer grid\"><div data-span=\"12\">\n<p class=\"wp-block-paragraph\">El Sr. Sabin S\u0103rma\u0219 fue elegido Presidente de la PP-22 por aclamaci\u00f3n. M\u00e1s informaci\u00f3n sobre el Sr. S\u0103rma\u0219 <a href=\"https:\/\/itu-app42372.pagelyhosting.com\/es\/chairman\/\">aqu\u00ed<\/a>.<\/p>\n<\/div><\/div>\n\n<div class=\"ituContainer grid\"><div data-span=\"12\">\n<h2 class=\"heading-3 wp-block-heading\">Sitio web del pa\u00eds anfitri\u00f3n<\/h2>\n<\/div><\/div>\n\n<div class=\"ituContainer grid\"><div data-span=\"12\">\n<p class=\"wp-block-paragraph\">En el sitio web del pa\u00eds anfitri\u00f3n podr\u00e1 encontrar informaci\u00f3n sobre Rumania, la ciudad de Bucarest, visados, viajes y alojamiento para la Conferencia. Consulte la direcci\u00f3n <a href=\"\" target=\"\" rel=\"noopener\">www.bucharestpp22.gov.ro<\/a>.  <\/p>\n<\/div><\/div>\n\n<div class=\"ituContainer grid\"><div data-span=\"12\">\n<h2 class=\"heading-3 wp-block-heading\">Utilizaci\u00f3n de logotipos<\/h2>\n<\/div><\/div>\n\n<div class=\"ituContainer grid\"><div data-span=\"12\">\n<p class=\"wp-block-paragraph\"><a href=\"https:\/\/itu-app42372.pagelyhosting.com\/es\/utilizacion-de-logotipos\/\">Informaci\u00f3n sobre la utilizaci\u00f3n de los logotipos de la UIT y la PP-22. <\/a><\/p>\n<\/div><\/div>\n\n<div class=\"ituContainer grid\"><div data-span=\"12\">\n<h2 class=\"heading-3 wp-block-heading\">Conferencias anteriores<\/h2>\n<\/div><\/div>\n\n    <section>\n        <div class=\"ituContainer grid\">\n                                                <a class=\"ituCard anim bg hor\" href=\"https:\/\/www.itu.int\/web\/pp-18\/en\/\" data-span=\"6\" target=\"\" rel=\"noopener\">\n        <img decoding=\"async\" class=\"square\" src=\"https:\/\/itu-app42372.pagelyhosting.com\/wp-content\/uploads\/2021\/09\/PP-18-square.jpg\" alt=\"\" \/>\n        <div class=\"content\">\n            <div class=\"main\">\n                <p class=\"title\">Conferencia de Plenipotenciarios de 2018 (PP-18)<\/p>\n                <p>Dub\u00e1i, Emiratos \u00c1rabes Unidos<\/p>\n            <\/div>\n        <\/div>\n    <\/a>\n                                                <a class=\"ituCard anim bg hor\" href=\"https:\/\/www.itu.int\/en\/plenipotentiary\/2014\/Pages\/default.aspx\" data-span=\"6\" target=\"\" rel=\"noopener\">\n        <img decoding=\"async\" class=\"square\" src=\"https:\/\/itu-app42372.pagelyhosting.com\/wp-content\/uploads\/2021\/09\/PP-14.jpg\" alt=\"\" \/>\n        <div class=\"content\">\n            <div class=\"main\">\n                <p class=\"title\">Conferencia de Plenipotenciarios de 2014 (PP-14)<\/p>\n                <p>Bus\u00e1n, Rep\u00fablica de Corea<\/p>\n            <\/div>\n        <\/div>\n    <\/a>\n                                                <a class=\"ituCard anim bg hor\" href=\"https:\/\/www.itu.int\/plenipotentiary\/2010\/index.html\" data-span=\"6\" target=\"\" rel=\"noopener\">\n        <img decoding=\"async\" class=\"square\" src=\"https:\/\/itu-app42372.pagelyhosting.com\/wp-content\/uploads\/2021\/09\/PP-10.jpg\" alt=\"\" \/>\n        <div class=\"content\">\n            <div class=\"main\">\n                <p class=\"title\">Conferencia de Plenipotenciarios de 2010 (PP-10)<\/p>\n                <p>Guadalajara, M\u00e9xico<\/p>\n            <\/div>\n        <\/div>\n    <\/a>\n                                                <a class=\"ituCard anim bg hor\" href=\"https:\/\/www.itu.int\/plenipotentiary\/2006\/index.html\" data-span=\"6\" target=\"\" rel=\"noopener\">\n        <img decoding=\"async\" class=\"square\" src=\"https:\/\/itu-app42372.pagelyhosting.com\/wp-content\/uploads\/2021\/09\/PP-06.jpg\" alt=\"\" \/>\n        <div class=\"content\">\n            <div class=\"main\">\n                <p class=\"title\">Conferencia de Plenipotenciarios de 2006 (PP-06)<\/p>\n                <p>Antalya, Turqu\u00eda<\/p>\n            <\/div>\n        <\/div>\n    <\/a>\n                    <\/div>\n    <\/section>\n","protected":false},"excerpt":{"rendered":"<p>La Conferencia de Plenipotenciarios de la UIT est\u00e1 constituida por representantes de los Estados Miembros de la Uni\u00f3n. La Conferencia de Plenipotenciarios es el \u00f3rgano pol\u00edtico supremo de la Uni\u00f3n Internacional de Telecomunicaciones (UIT). Se celebra cada cuatro a\u00f1os y es el foro donde los Estados Miembros d ela UIT deciden cu\u00e1l ser\u00e1 el papel [&hellip;]<\/p>\n","protected":false},"author":4,"featured_media":0,"parent":1542,"menu_order":0,"comment_status":"closed","ping_status":"closed","template":"page-submenu.php","meta":{"_crdt_document":"","footnotes":""},"class_list":["post-1088","page","type-page","status-publish","hentry"],"_links":{"self":[{"href":"https:\/\/itu-app42372.pagelyhosting.com\/es\/wp-json\/wp\/v2\/pages\/1088","targetHints":{"allow":["GET"]}}],"collection":[{"href":"https:\/\/itu-app42372.pagelyhosting.com\/es\/wp-json\/wp\/v2\/pages"}],"about":[{"href":"https:\/\/itu-app42372.pagelyhosting.com\/es\/wp-json\/wp\/v2\/types\/page"}],"author":[{"embeddable":true,"href":"https:\/\/itu-app42372.pagelyhosting.com\/es\/wp-json\/wp\/v2\/users\/4"}],"replies":[{"embeddable":true,"href":"https:\/\/itu-app42372.pagelyhosting.com\/es\/wp-json\/wp\/v2\/comments?post=1088"}],"version-history":[{"count":0,"href":"https:\/\/itu-app42372.pagelyhosting.com\/es\/wp-json\/wp\/v2\/pages\/1088\/revisions"}],"up":[{"embeddable":true,"href":"https:\/\/itu-app42372.pagelyhosting.com\/es\/wp-json\/wp\/v2\/pages\/1542"}],"wp:attachment":[{"href":"https:\/\/itu-app42372.pagelyhosting.com\/es\/wp-json\/wp\/v2\/media?parent=1088"}],"curies":[{"name":"wp","href":"https:\/\/api.w.org\/{rel}","templated":true}]}}