
{"id":1063,"date":"2022-03-08T12:58:22","date_gmt":"2022-03-08T12:58:22","guid":{"rendered":"https:\/\/itu-app42372.pagelyhosting.com\/eventos-sociales\/"},"modified":"2022-07-14T05:23:22","modified_gmt":"2022-07-14T05:23:22","slug":"social-events","status":"publish","type":"page","link":"https:\/\/itu-app42372.pagelyhosting.com\/es\/social-events\/","title":{"rendered":"Eventos sociales"},"content":{"rendered":"<div class=\"ituContainer grid\"><div data-span=\"12\">\n<p class=\"wp-block-paragraph\">Los eventos sociales (pausas para el caf\u00e9, recepciones para el almuerzo o vespertinas) en la PP-22 son ocasiones muy apreciadas en las que los participantes establecen conexiones, ampl\u00edan sus redes de contactos y descansan entre las distintas reuniones de la Conferencia. Celebrar un evento social ofrece a los Estados Miembros y otras partes interesadas una oportunidad \u00fanica de departir con las delegaciones con fines de sensibilizaci\u00f3n y promocionales. <\/p>\n<\/div><\/div><div class=\"ituContainer grid\"><div data-span=\"12\">\n<p class=\"wp-block-paragraph\">El Servicio de Protocolo de la UIT mantiene y coordina un calendario de dichos eventos para informar a los Estados Miembros y dem\u00e1s participantes de la Conferencia. Las partes interesadas que planeen la celebraci\u00f3n de un evento social deben coordinarse primero con el Servicio de Protocolo de la UIT antes de fijar definitivamente la fecha y hora del evento social propuesto. <\/p>\n<\/div><\/div><div class=\"ituContainer grid\"><div data-span=\"12\">\n<p class=\"wp-block-paragraph\">El Servicio de Protocolo de la UIT facilitar\u00e1, en la medida de lo posible, la identificaci\u00f3n de los horarios disponibles y servir\u00e1 de intermediario para evitar cualquier posiblle coincidencia, as\u00ed como para facilitar los datos de contacto locales para la reserva de salas de recepci\u00f3n y otros servicios conexos (c\u00e1tering, transporte, etc.). Los turnos de reserva se confirmar\u00e1n por orden de solicitud. <\/p>\n<\/div><\/div><div class=\"ituContainer grid\"><div data-span=\"12\">\n<p class=\"wp-block-paragraph\">Por cortes\u00eda, debe evitarse la planificaci\u00f3n de eventos sociales durante el horario oficial de reuniones para no afectar a los trabajos de la Conferencia. Tambi\u00e9n es costumbre reservar, a t\u00edtulo exclusivo, la primera tarde de la PP-22 para la Recepci\u00f3n de bienvenida del Pa\u00eds Anfitri\u00f3n, para que ning\u00fan otro organizador celebre una recepci\u00f3n esa tarde. <\/p>\n<\/div><\/div><div class=\"ituContainer grid\"><div data-span=\"12\">\n<p class=\"wp-block-paragraph\">Debe enviarse una copia de la invitaci\u00f3n, indicando si el evento est\u00e1 abierto a todos los participantes o si la participaci\u00f3n est\u00e1 restringuida a la direcci\u00f3n <a href=\"mailto:protocol@itu.int\">protocol@itu.int<\/a> para su aprobaci\u00f3n. T\u00e9ngase en cuenta que en las tarjetas de invitaci\u00f3n o cualquier otro material para el evento no deber\u00e1 figurar el logo de la UIT, ni deber\u00e1n incluirse referencias o signos evidentes que puedan sugerir o intuir que la UIT respalda el evento. El Servicio de Protocolo de la UIT no distribuir\u00e1 invitaciones en papel o formato electr\u00f3nico. Las listas de asistencia, de haberlas, ser\u00e1n gestionadas por el organizador del evento.  <\/p>\n<\/div><\/div><div class=\"ituContainer grid\"><div data-span=\"12\">\n<p class=\"wp-block-paragraph\">En el sitio web del programa de la PP-22 (acceso TIES) se publicar\u00e1 y actualizar\u00e1 el calendario de eventos sociales y la informaci\u00f3n conexa. El programa diario de eventos sociales se anunciar\u00e1 en las pantallas del recinto de la Conferencia y por el Secretario de la reuni\u00f3n que preceda a cada evento. <\/p>\n<\/div><\/div><div class=\"ituContainer grid\"><div data-span=\"12\">\n<p class=\"wp-block-paragraph\">A excepci\u00f3n de este servicio, la UIT no asumir\u00e1 la responsabilidad log\u00edstica o de otro tipo de los eventos sociales. La log\u00edstica y organizaci\u00f3n de los eventos ser\u00e1 responsabilidad excluisiva del organizador de cada evento. <\/p>\n<\/div><\/div><div class=\"ituContainer grid\"><div data-span=\"12\">\n<p class=\"wp-block-paragraph\">Si desea m\u00e1s informaci\u00f3n sobre los eventos sociales durante la PP-22, dir\u00edjase a <a href=\"mailto:protocol@itu.int\">protocol@itu.int<\/a>.<\/p>\n<\/div><\/div>","protected":false},"excerpt":{"rendered":"<p>Los eventos sociales (pausas para el caf\u00e9, recepciones para el almuerzo o vespertinas) en la PP-22 son ocasiones muy apreciadas en las que los participantes establecen conexiones, ampl\u00edan sus redes de contactos y descansan entre las distintas reuniones de la Conferencia. Celebrar un evento social ofrece a los Estados Miembros y otras partes interesadas una [&hellip;]<\/p>\n","protected":false},"author":7,"featured_media":0,"parent":0,"menu_order":0,"comment_status":"closed","ping_status":"closed","template":"page-banner-blue.php","meta":{"_crdt_document":"","footnotes":""},"class_list":["post-1063","page","type-page","status-publish","hentry"],"_links":{"self":[{"href":"https:\/\/itu-app42372.pagelyhosting.com\/es\/wp-json\/wp\/v2\/pages\/1063","targetHints":{"allow":["GET"]}}],"collection":[{"href":"https:\/\/itu-app42372.pagelyhosting.com\/es\/wp-json\/wp\/v2\/pages"}],"about":[{"href":"https:\/\/itu-app42372.pagelyhosting.com\/es\/wp-json\/wp\/v2\/types\/page"}],"author":[{"embeddable":true,"href":"https:\/\/itu-app42372.pagelyhosting.com\/es\/wp-json\/wp\/v2\/users\/7"}],"replies":[{"embeddable":true,"href":"https:\/\/itu-app42372.pagelyhosting.com\/es\/wp-json\/wp\/v2\/comments?post=1063"}],"version-history":[{"count":0,"href":"https:\/\/itu-app42372.pagelyhosting.com\/es\/wp-json\/wp\/v2\/pages\/1063\/revisions"}],"wp:attachment":[{"href":"https:\/\/itu-app42372.pagelyhosting.com\/es\/wp-json\/wp\/v2\/media?parent=1063"}],"curies":[{"name":"wp","href":"https:\/\/api.w.org\/{rel}","templated":true}]}}