
{"id":1046,"date":"2022-03-08T11:25:11","date_gmt":"2022-03-08T11:25:11","guid":{"rendered":"https:\/\/itu-app42372.pagelyhosting.com\/seguridad-y-proteccion\/"},"modified":"2022-09-02T08:22:21","modified_gmt":"2022-09-02T08:22:21","slug":"safety-and-security","status":"publish","type":"page","link":"https:\/\/itu-app42372.pagelyhosting.com\/es\/safety-and-security\/","title":{"rendered":"Seguridad y protecci\u00f3n"},"content":{"rendered":"<div class=\"ituContainer grid\"><div data-span=\"12\">\n<p class=\"wp-block-paragraph\"><strong>Covid-19 y entrada en Rumania<\/strong><\/p>\n<\/div><\/div>\n\n<div class=\"ituContainer grid\"><div data-span=\"12\">\n<p class=\"wp-block-paragraph\">Puede encontrar informaci\u00f3n actualizada sobre la situaci\u00f3n sanitaria en Rumania y la entrada en el pa\u00eds en el sitio web del pa\u00eds anfitri\u00f3n <a href=\"https:\/\/bucharestpp22.gov.ro\/frequently-asked-questions-faq\/\" target=\"_blank\" rel=\"noreferrer noopener\">aqu\u00ed<\/a>y en la <a href=\"https:\/\/www.itu.int\/security\/covid19\" data-type=\"URL\" data-id=\"https:\/\/www.itu.int\/security\/covid19\" target=\"_blank\" rel=\"noreferrer noopener\">p\u00e1gina Covid-19 free ITU event<\/a>.<\/p>\n<\/div><\/div>\n\n<div class=\"ituContainer grid\"><div data-span=\"12\">\n<p class=\"wp-block-paragraph\"><strong>Atenci\u00f3n m\u00e9dica<\/strong><\/p>\n<\/div><\/div>\n\n<div class=\"ituContainer grid\"><div data-span=\"12\">\n<ul class=\"wp-block-list\"><li>En caso de que necesite <strong>atenci\u00f3n m\u00e9dica en el lugar de celebraci\u00f3n de la PP<\/strong>, habr\u00e1 un punto de atenci\u00f3n m\u00e9dica en el C1, que estar\u00e1 abierto <strong>de 8.00 a 22.00 horas <\/strong>(con presencia <em>in situ <\/em>de una ambulancia y un equipo m\u00e9dico las 24 horas del d\u00eda).<\/li><li>Tambi\u00e9n se ha instalado un punto de atenci\u00f3n m\u00e9dica en el Marriott, el Athenne Palace Hilton y el Grand Hotel Bucharest.<\/li><li><strong>En caso de urgencia m\u00e9dica, <\/strong>llame al n\u00famero nacional <strong>112<\/strong> y especifique su condici\u00f3n de <strong>\u00abParticipante en la PP-22\u00bb<\/strong>.<\/li><\/ul>\n<\/div><\/div>\n\n<div class=\"ituContainer grid\"><div data-span=\"12\">\n<p class=\"wp-block-paragraph\"><strong>Entrada en el recinto de la Conferencia<\/strong><\/p>\n<\/div><\/div>\n\n<div class=\"ituContainer grid\"><div data-span=\"12\">\n<p class=\"wp-block-paragraph\">El acceso al recinto oficial de la PP-22, Centro Internacional de Conferencias del Parlamento de Rumania (ICC-PR), Bucarest, estar\u00e1 estrictamente limitado a las personas en posesi\u00f3n de una tarjeta de identificaci\u00f3n con fotograf\u00eda de la Conferencia.<\/p>\n<\/div><\/div>\n\n<div class=\"ituContainer grid\"><div data-span=\"12\">\n<p class=\"wp-block-paragraph\">Se avisa a los delegados, observadores, representantes de los medios de comunicaci\u00f3n, personal de la Secretar\u00eda de la UIT y del pa\u00eds anfitri\u00f3n, as\u00ed como a todo el personal t\u00e9cnico y de apoyo del ICC-PR, de que s\u00f3lo podr\u00e1n acceder al recito previa presentaci\u00f3n de dicha tarjeta de identificaci\u00f3n. Todos los participantes deber\u00e1n llevar consito tambi\u00e9n un documento nacional de identidad o un documento de viaje oficial con fotograf\u00eda, por si la seguridad del lugar de celebraci\u00f3n solicita una segunda pieza de identificaci\u00f3n.<\/p>\n<\/div><\/div>\n\n<div class=\"ituContainer grid\"><div data-span=\"12\">\n<p class=\"wp-block-paragraph\">Todos los participantes se someter\u00e1n a un control de seguridad, similar a los de los aeropuertos, en los puntos de acceso al recinto de la Conferencia. Todos los participantes deber\u00e1n pasar sus tarjetas de identificaci\u00f3n de la Conferencia por los sistemas de lectura tarjetas de seguridad a la entrada\/salida del ICC-PR.<\/p>\n<\/div><\/div>\n\n<div class=\"ituContainer grid\"><div data-span=\"12\">\n<p class=\"wp-block-paragraph\">Se recomienda a los participantes que accedan al ICC-PR que limiten su equipaje a un [1] malet\u00edn. No podr\u00e1n introducirse en el ICC-PR bultos m\u00e1s grandes que una maleta de mano.<\/p>\n<\/div><\/div>\n\n<div class=\"ituContainer grid\"><div data-span=\"12\">\n<p class=\"wp-block-paragraph\"><strong>En el recinto de la Conferencia<\/strong><\/p>\n<\/div><\/div>\n\n<div class=\"ituContainer grid\"><div data-span=\"12\">\n<p class=\"wp-block-paragraph\">Se ruega a los participantes que se hagan cargo de sus pertenencias en todo momento dentro del ICC-PR y en los hoteles oficiales.<\/p>\n<\/div><\/div>\n\n<div class=\"ituContainer grid\"><div data-span=\"12\">\n<p class=\"wp-block-paragraph\">Los incidentes de seguridad o de p\u00e9rdida de objetos durante el evento podr\u00e1n comunicarse al Equipo de seguridad y protecci\u00f3n de la PP-22 en la Oficina de seguridad del evento, situada en el vest\u00edbulo anexo al punto de acceso C1 del ICC-PR.<\/p>\n<\/div><\/div>\n\n<div class=\"ituContainer grid\"><div data-span=\"12\">\n<p class=\"wp-block-paragraph\">Al asumir los valores de las Naciones Unidas de integridad, respeto de la diversidad y profesionalidad, los eventos y conferencias de la UIT ofrecen un entorno profesional y respetuoso, libre de discriminaci\u00f3n y acoso. El C\u00f3digo de conducta para prevenir el acoso, incluido el acoso sexual, durante los eventos del sistema de las Naciones Unidas ya es aplicable a todas las conferencias, reuniones y eventos, dondequiera que se celebren.<\/p>\n<\/div><\/div>\n\n<div class=\"ituContainer grid\"><div data-span=\"12\">\n<p class=\"wp-block-paragraph\">El C\u00f3digo de conducta est\u00e1 disponible <a href=\"https:\/\/www.un.org\/management\/sites\/www.un.org.management\/files\/un-system-model-code-conduct.pdf\" target=\"_blank\" rel=\"noreferrer noopener\">aqu\u00ed<\/a>. <\/p>\n<\/div><\/div>\n\n<div class=\"ituContainer grid\"><div data-span=\"12\">\n<p class=\"wp-block-paragraph\">Si ha experimentado o presenciado un caso de acoso o acoso sexual, puede solicitar asesoramiento y apoyo e informar a la Oficina de \u00c9tica de la UIT mediante el sistema <a href=\"mailto:HelplineITU@protonmail.com\" target=\"_blank\" rel=\"noreferrer noopener\">HelplineITU@protonmail.com<\/a>.<\/p>\n<\/div><\/div>\n\n<div class=\"ituContainer grid\"><div data-span=\"12\">\n<p class=\"wp-block-paragraph\">Tambi\u00e9n puede comunicarse con el Jefe de la Divisi\u00f3n de Protecci\u00f3n y Seguridad en el tel\u00e9fono +41 79 715 8477 y\/o <a href=\"mailto:security@itu.in\" target=\"_blank\" rel=\"noreferrer noopener\">security@itu.int<\/a>.<\/p>\n<\/div><\/div>\n\n<div class=\"ituContainer grid\"><div data-span=\"12\">\n<p class=\"wp-block-paragraph\">El Equipo de protecci\u00f3n y seguridad de la PP-22 desea a todos los delegados y participantes una segura y fruct\u00edfera Conferencia.<\/p>\n<\/div><\/div>","protected":false},"excerpt":{"rendered":"<p>Covid-19 y entrada en Rumania Puede encontrar informaci\u00f3n actualizada sobre la situaci\u00f3n sanitaria en Rumania y la entrada en el pa\u00eds en el sitio web del pa\u00eds anfitri\u00f3n aqu\u00edy en la p\u00e1gina Covid-19 free ITU event. Atenci\u00f3n m\u00e9dica En caso de que necesite atenci\u00f3n m\u00e9dica en el lugar de celebraci\u00f3n de la PP, habr\u00e1 un [&hellip;]<\/p>\n","protected":false},"author":7,"featured_media":0,"parent":0,"menu_order":0,"comment_status":"closed","ping_status":"closed","template":"page-banner-blue.php","meta":{"_crdt_document":"","footnotes":""},"class_list":["post-1046","page","type-page","status-publish","hentry"],"_links":{"self":[{"href":"https:\/\/itu-app42372.pagelyhosting.com\/es\/wp-json\/wp\/v2\/pages\/1046","targetHints":{"allow":["GET"]}}],"collection":[{"href":"https:\/\/itu-app42372.pagelyhosting.com\/es\/wp-json\/wp\/v2\/pages"}],"about":[{"href":"https:\/\/itu-app42372.pagelyhosting.com\/es\/wp-json\/wp\/v2\/types\/page"}],"author":[{"embeddable":true,"href":"https:\/\/itu-app42372.pagelyhosting.com\/es\/wp-json\/wp\/v2\/users\/7"}],"replies":[{"embeddable":true,"href":"https:\/\/itu-app42372.pagelyhosting.com\/es\/wp-json\/wp\/v2\/comments?post=1046"}],"version-history":[{"count":0,"href":"https:\/\/itu-app42372.pagelyhosting.com\/es\/wp-json\/wp\/v2\/pages\/1046\/revisions"}],"wp:attachment":[{"href":"https:\/\/itu-app42372.pagelyhosting.com\/es\/wp-json\/wp\/v2\/media?parent=1046"}],"curies":[{"name":"wp","href":"https:\/\/api.w.org\/{rel}","templated":true}]}}